{"id":94,"date":"2017-02-20T20:52:47","date_gmt":"2017-02-20T20:52:47","guid":{"rendered":"http:\/\/cerveraip.com\/?page_id=94"},"modified":"2017-03-02T18:48:19","modified_gmt":"2017-03-02T18:48:19","slug":"reserva-de-derechos-al-uso-exclusivo","status":"publish","type":"page","link":"https:\/\/cerveraip.com\/index.php\/reserva-de-derechos-al-uso-exclusivo\/","title":{"rendered":"Reserva de Derechos al Uso Exclusivo"},"content":{"rendered":"<p>Es la facultad de usar y explotar en forma exclusiva t\u00edtulos, nombres, denominaciones, caracter\u00edsticas f\u00edsicas y psicol\u00f3gicas distintivas, o caracter\u00edsticas de operaci\u00f3n originales, aplicados, de acuerdo a su naturaleza, en los siguientes g\u00e9neros:<\/p>\n<p>1. Publicaciones peri\u00f3dicas.<br \/>\n2. Difusiones Peri\u00f3dicas.<br \/>\n3. Personajes humanos de caracterizaci\u00f3n o ficticios o simb\u00f3licos.<br \/>\n4. Personas o grupos dedicados a actividades art\u00ed\u00adsticas<br \/>\n5. Promociones publicitarias.<\/p>\n","protected":false},"excerpt":{"rendered":"<p>Es la facultad de usar y explotar en forma exclusiva t\u00edtulos, nombres, denominaciones, caracter\u00edsticas f\u00edsicas y psicol\u00f3gicas distintivas, o caracter\u00edsticas de operaci\u00f3n originales, aplicados, de acuerdo a su naturaleza, en los siguientes g\u00e9neros: 1. Publicaciones peri\u00f3dicas. 2. Difusiones Peri\u00f3dicas. 3. &hellip; <a href=\"https:\/\/cerveraip.com\/index.php\/reserva-de-derechos-al-uso-exclusivo\/\">Sigue leyendo <span class=\"meta-nav\">&rarr;<\/span><\/a><\/p>\n","protected":false},"author":1,"featured_media":0,"parent":0,"menu_order":0,"comment_status":"closed","ping_status":"closed","template":"","meta":[],"_links":{"self":[{"href":"https:\/\/cerveraip.com\/index.php\/wp-json\/wp\/v2\/pages\/94"}],"collection":[{"href":"https:\/\/cerveraip.com\/index.php\/wp-json\/wp\/v2\/pages"}],"about":[{"href":"https:\/\/cerveraip.com\/index.php\/wp-json\/wp\/v2\/types\/page"}],"author":[{"embeddable":true,"href":"https:\/\/cerveraip.com\/index.php\/wp-json\/wp\/v2\/users\/1"}],"replies":[{"embeddable":true,"href":"https:\/\/cerveraip.com\/index.php\/wp-json\/wp\/v2\/comments?post=94"}],"version-history":[{"count":4,"href":"https:\/\/cerveraip.com\/index.php\/wp-json\/wp\/v2\/pages\/94\/revisions"}],"predecessor-version":[{"id":299,"href":"https:\/\/cerveraip.com\/index.php\/wp-json\/wp\/v2\/pages\/94\/revisions\/299"}],"wp:attachment":[{"href":"https:\/\/cerveraip.com\/index.php\/wp-json\/wp\/v2\/media?parent=94"}],"curies":[{"name":"wp","href":"https:\/\/api.w.org\/{rel}","templated":true}]}}