{"id":92,"date":"2017-02-20T20:49:42","date_gmt":"2017-02-20T20:49:42","guid":{"rendered":"http:\/\/cerveraip.com\/?page_id=92"},"modified":"2017-03-02T18:48:13","modified_gmt":"2017-03-02T18:48:13","slug":"registro-internacional","status":"publish","type":"page","link":"https:\/\/cerveraip.com\/index.php\/registro-internacional\/","title":{"rendered":"Registro Internacional"},"content":{"rendered":"<p>Protege tus invenciones y marcas en el extranjero<\/p>\n<p>Si eres exportador y\/o pretendes vender tus productos e inventos en el extranjero, necesitas protecci\u00f3n en cada pa\u00ed\u00ads en donde vayas a comercializar tus productos.<\/p>\n<p>El 25 de mayo de 2012, M\u00e9xico se adhiri\u00f3 al Protocolo de Madrid, y est\u00e1 vigente desde el 19 de febrero de 2013. El sistema de\u00a0 Madrid, permite presentar una sola solicitud, que ser\u00e1 efectiva en los pa\u00edses miembros del protocolo, sin embargo la concesi\u00f3n o negativa del registro ser\u00e1 facultad de la autoridad nacional. La ventaja, es que solo se presenta una solicitud y se paga una tasa \u00fanica, agilizando el tr\u00e1mite.<\/p>\n<p>De igual forma las patentes pueden solicitarse por medio del Tratado de Cooperaci\u00f3n en Materia de Patentes, presentando una sola solicitud Internacional, pero en cada pa\u00eds que se elija se tendr\u00e1 que hacer el tr\u00e1mite nacional.<\/p>\n<p>Recuerda que no existen ni las marcas ni las patentes Internacionales, por ello es muy importante que si exportas tus productos, protejas tus invenciones y marcas en el extranjero&#8230; Nosotros te decimos c\u00f3mo!<\/p>\n","protected":false},"excerpt":{"rendered":"<p>Protege tus invenciones y marcas en el extranjero Si eres exportador y\/o pretendes vender tus productos e inventos en el extranjero, necesitas protecci\u00f3n en cada pa\u00ed\u00ads en donde vayas a comercializar tus productos. El 25 de mayo de 2012, M\u00e9xico &hellip; <a href=\"https:\/\/cerveraip.com\/index.php\/registro-internacional\/\">Sigue leyendo <span class=\"meta-nav\">&rarr;<\/span><\/a><\/p>\n","protected":false},"author":1,"featured_media":0,"parent":0,"menu_order":0,"comment_status":"closed","ping_status":"closed","template":"","meta":[],"_links":{"self":[{"href":"https:\/\/cerveraip.com\/index.php\/wp-json\/wp\/v2\/pages\/92"}],"collection":[{"href":"https:\/\/cerveraip.com\/index.php\/wp-json\/wp\/v2\/pages"}],"about":[{"href":"https:\/\/cerveraip.com\/index.php\/wp-json\/wp\/v2\/types\/page"}],"author":[{"embeddable":true,"href":"https:\/\/cerveraip.com\/index.php\/wp-json\/wp\/v2\/users\/1"}],"replies":[{"embeddable":true,"href":"https:\/\/cerveraip.com\/index.php\/wp-json\/wp\/v2\/comments?post=92"}],"version-history":[{"count":3,"href":"https:\/\/cerveraip.com\/index.php\/wp-json\/wp\/v2\/pages\/92\/revisions"}],"predecessor-version":[{"id":298,"href":"https:\/\/cerveraip.com\/index.php\/wp-json\/wp\/v2\/pages\/92\/revisions\/298"}],"wp:attachment":[{"href":"https:\/\/cerveraip.com\/index.php\/wp-json\/wp\/v2\/media?parent=92"}],"curies":[{"name":"wp","href":"https:\/\/api.w.org\/{rel}","templated":true}]}}