{"id":90,"date":"2017-02-20T20:46:16","date_gmt":"2017-02-20T20:46:16","guid":{"rendered":"http:\/\/cerveraip.com\/?page_id=90"},"modified":"2017-02-22T01:22:05","modified_gmt":"2017-02-22T01:22:05","slug":"que-es-la-propiedad-intelectual","status":"publish","type":"page","link":"https:\/\/cerveraip.com\/index.php\/que-es-la-propiedad-intelectual\/","title":{"rendered":"Qu\u00e9 es la Propiedad Intelectual"},"content":{"rendered":"<p>Los derechos de Propiedad Intelectual est\u00e1n conceptualizados en 2 rubros:<\/p>\n<p>Derechos de Propiedad Industrial<\/p>\n<p>Comprende la protecci\u00f3n de las Patentes, los Modelos de Utilidad, los Dise\u00f1os Industriales, los Secretos Industriales, los Esquemas de Trazado de Circuitos Integrados, las Marcas, los Nombres Comerciales, los Avisos Comerciales (slogans) , Las Denominaciones de Origen.<\/p>\n<p>Derechos de Autor<\/p>\n<p>Comprenden la protecci\u00f3n de las Obras, de cualquier rama, como es: literaria, musical, dram\u00e1tica, danza, pict\u00f3rica o de dibujo, escult\u00f3rica y de car\u00e1cter pl\u00e1stico, caricatura e historieta, arquitect\u00f3nica, cinematogr\u00e1fica y dem\u00e1s obras audiovisuales, programas de radio y televisi\u00f3n, programas de c\u00f3mputo, fotogr\u00e1fica, obras de arte aplicado que incluyen dise\u00f1o gr\u00e1fico o textil, compilaci\u00f3n<\/p>\n<p>As\u00ed mismo se protegen las Reservas de Derechos al Uso exclusivo, que comprenden la protecci\u00f3n de Publicaciones Peri\u00f3dicas, Personajes Humanos de caracterizaci\u00f3n o ficticios o simb\u00f3licos, personas o grupos art\u00ed\u00adsticos y las promociones publicitarias.<\/p>\n","protected":false},"excerpt":{"rendered":"<p>Los derechos de Propiedad Intelectual est\u00e1n conceptualizados en 2 rubros: Derechos de Propiedad Industrial Comprende la protecci\u00f3n de las Patentes, los Modelos de Utilidad, los Dise\u00f1os Industriales, los Secretos Industriales, los Esquemas de Trazado de Circuitos Integrados, las Marcas, los &hellip; <a href=\"https:\/\/cerveraip.com\/index.php\/que-es-la-propiedad-intelectual\/\">Sigue leyendo <span class=\"meta-nav\">&rarr;<\/span><\/a><\/p>\n","protected":false},"author":1,"featured_media":0,"parent":0,"menu_order":0,"comment_status":"closed","ping_status":"closed","template":"","meta":[],"_links":{"self":[{"href":"https:\/\/cerveraip.com\/index.php\/wp-json\/wp\/v2\/pages\/90"}],"collection":[{"href":"https:\/\/cerveraip.com\/index.php\/wp-json\/wp\/v2\/pages"}],"about":[{"href":"https:\/\/cerveraip.com\/index.php\/wp-json\/wp\/v2\/types\/page"}],"author":[{"embeddable":true,"href":"https:\/\/cerveraip.com\/index.php\/wp-json\/wp\/v2\/users\/1"}],"replies":[{"embeddable":true,"href":"https:\/\/cerveraip.com\/index.php\/wp-json\/wp\/v2\/comments?post=90"}],"version-history":[{"count":2,"href":"https:\/\/cerveraip.com\/index.php\/wp-json\/wp\/v2\/pages\/90\/revisions"}],"predecessor-version":[{"id":244,"href":"https:\/\/cerveraip.com\/index.php\/wp-json\/wp\/v2\/pages\/90\/revisions\/244"}],"wp:attachment":[{"href":"https:\/\/cerveraip.com\/index.php\/wp-json\/wp\/v2\/media?parent=90"}],"curies":[{"name":"wp","href":"https:\/\/api.w.org\/{rel}","templated":true}]}}