{"id":88,"date":"2017-02-20T20:38:13","date_gmt":"2017-02-20T20:38:13","guid":{"rendered":"http:\/\/cerveraip.com\/?page_id=88"},"modified":"2017-03-02T18:47:42","modified_gmt":"2017-03-02T18:47:42","slug":"que-diferencia-hay-entre-un-logo-y-una-marca","status":"publish","type":"page","link":"https:\/\/cerveraip.com\/index.php\/que-diferencia-hay-entre-un-logo-y-una-marca\/","title":{"rendered":"Que diferencia hay entre un logo y una marca"},"content":{"rendered":"<p>Com\u00fanmente se asocia la palabra logo con la imagen de un producto o establecimiento, y mercadol\u00f3gicamente es m\u00e1s atraible un logo que nos identifique. Sin embargo, a veces pensamos que el &#8220;logo&#8221;, difiere de una marca, pero en realidad, una marca se constituye tambien por un logo, de conformidad con nuestra legislaci\u00f3n en Propiedad Industrial, la ley reconoce los dise\u00f1os (logos), como marcas registrables, la condici\u00f3n es que \u00e9ste no incluya palabras, ya que, de incluir palabras el registro se obtendr\u00eda en que vamos a registrar, es decir, \u00bfregistro el logo y adem\u00e1s la marca de palabras?,\u00a0 siempre\u00a0 lo m\u00e1s recomendable es su registro independiente, es decir obtener un registro para un logo (dise\u00f1o) y otro para la o las palabras, pues as\u00ed se pueden usar de manera separada y en un futuro si el logo cambia, puedes seguir conservando el registro de la marca de palabra (nominativa)<\/p>\n<p>Los logos (logotipos), dise\u00f1os que acompa\u00f1en a tu marca, forman parte del distintivo de tus productos o servicios y son igual de importantes su registro como el de una marca, conservan la misma vigencia y solo mediante su registro se puede obtener su exclusividad.<\/p>\n","protected":false},"excerpt":{"rendered":"<p>Com\u00fanmente se asocia la palabra logo con la imagen de un producto o establecimiento, y mercadol\u00f3gicamente es m\u00e1s atraible un logo que nos identifique. Sin embargo, a veces pensamos que el &#8220;logo&#8221;, difiere de una marca, pero en realidad, una &hellip; <a href=\"https:\/\/cerveraip.com\/index.php\/que-diferencia-hay-entre-un-logo-y-una-marca\/\">Sigue leyendo <span class=\"meta-nav\">&rarr;<\/span><\/a><\/p>\n","protected":false},"author":1,"featured_media":0,"parent":0,"menu_order":0,"comment_status":"closed","ping_status":"closed","template":"","meta":[],"_links":{"self":[{"href":"https:\/\/cerveraip.com\/index.php\/wp-json\/wp\/v2\/pages\/88"}],"collection":[{"href":"https:\/\/cerveraip.com\/index.php\/wp-json\/wp\/v2\/pages"}],"about":[{"href":"https:\/\/cerveraip.com\/index.php\/wp-json\/wp\/v2\/types\/page"}],"author":[{"embeddable":true,"href":"https:\/\/cerveraip.com\/index.php\/wp-json\/wp\/v2\/users\/1"}],"replies":[{"embeddable":true,"href":"https:\/\/cerveraip.com\/index.php\/wp-json\/wp\/v2\/comments?post=88"}],"version-history":[{"count":4,"href":"https:\/\/cerveraip.com\/index.php\/wp-json\/wp\/v2\/pages\/88\/revisions"}],"predecessor-version":[{"id":297,"href":"https:\/\/cerveraip.com\/index.php\/wp-json\/wp\/v2\/pages\/88\/revisions\/297"}],"wp:attachment":[{"href":"https:\/\/cerveraip.com\/index.php\/wp-json\/wp\/v2\/media?parent=88"}],"curies":[{"name":"wp","href":"https:\/\/api.w.org\/{rel}","templated":true}]}}