{"id":86,"date":"2017-02-20T20:33:27","date_gmt":"2017-02-20T20:33:27","guid":{"rendered":"http:\/\/cerveraip.com\/?page_id=86"},"modified":"2017-03-02T19:03:23","modified_gmt":"2017-03-02T19:03:23","slug":"aviso-de-privacidad","status":"publish","type":"page","link":"https:\/\/cerveraip.com\/index.php\/aviso-de-privacidad\/","title":{"rendered":"AVISO DE PRIVACIDAD"},"content":{"rendered":"<p>&nbsp;<\/p>\n<p>Cervera IP, con domicilio en Colina de las Termas No. 53, Boulevares, Naucalpan, Estado de M\u00e9xico, pone a su disposici\u00f3n EL AVISO DE PRIVACIDAD DE CONFORMIDAD CON LA LEY FEDERAL DE PROTECCI\u00d3N DE DATOS EN POSESI\u00d3N DE PARTICULARES.<\/p>\n<p>Cervera IP, manifiesta que los datos por usted proporcionados ya sea atrav\u00e9s del formulario de contacto de \u00e9sta p\u00e1gina o transmitidos directamente por usted de manera escrita o verbal, ser\u00e1n tratados con resguardo y confidencialidad, en una base de datos. Sin embargo se le hace de su conocimiento, que en virtud que los datos personales, adelante indicados, son proporcionados a las autoridades administrativas relativas en los procedimientos de protecci\u00f3n de sus derechos de propiedad intelectual, en tal caso ser\u00e1 manejada por las propias autoridades de la forma que la Ley se\u00f1ala.<\/p>\n<p>INFORMACI\u00d3N SOLICITADA:<\/p>\n<p>1.- Nombre, nacionalidad, domicilio, tel\u00e9fono y correo electr\u00f3nico del solicitante.<\/p>\n<p>2.- Domicilio del establecimiento.<\/p>\n<p>3.- Datos fiscales ( Domicilio Fiscal y RFC).<\/p>\n<p>Para fines meramente comerciales y promocionales ocasionalmente podr\u00e1 llegar a recibir boletines o comunicados de Cervera IP.<\/p>\n<p>Para el ejercicio de sus derechos ARCO ( acceso, rectificaci\u00f3n, cancelaci\u00f3n y\/o oposici\u00f3n), ponemos a su disposici\u00f3n el correo electr\u00f3nico myriam@cerveraip.com y tel\u00e9fono 53-60-34-47, atenci\u00f3n a: Myriam Cervera Rivas, a efecto de que nos haga llegar sus peticiones.<\/p>\n<p>Cervera IP, no transfiere datos a otras empresas y\/o agencias y\/o establecimientos, la transmisi\u00f3n de datos a terceros, es conforme a lo arriba indicado.<\/p>\n<p>CONFIDENCIALIDAD<\/p>\n<p>No recibir\u00e1 comunicaciones por parte de Cervera IP o algunos de sus integrantes, al menos de que usted de manera verbal o escrita asi\u00ad lo haya solicitado, ya sea por medios electr\u00f3nicos, facsimilares o telef\u00f3nicos.<\/p>\n<p>Cervera IP, o cualquiera de sus empleados y\/o representantes, tienen el deber de guardar\u00a0 confidencialidad de los asuntos que le sean encomendados, por lo que no podr\u00e1n de ninguna forma revelar a un tercero las consultas o derechos de propiedad intelectual que le son encargados por el CLIENTE, salvo autorizaci\u00f3n expresa del CLIENTE o por requerimiento de la autoridad o autoridades competentes.<\/p>\n<p>Los Expedientes Oficiales resguardados ante las autoridades, son p\u00fablicos de conformidad con las leyes y reglamentos respectivos, por lo que Cervera IP, se deslinda de cualquier responsabilidad que por este hecho pudiera llegar a surgir.<\/p>\n","protected":false},"excerpt":{"rendered":"<p>&nbsp; Cervera IP, con domicilio en Colina de las Termas No. 53, Boulevares, Naucalpan, Estado de M\u00e9xico, pone a su disposici\u00f3n EL AVISO DE PRIVACIDAD DE CONFORMIDAD CON LA LEY FEDERAL DE PROTECCI\u00d3N DE DATOS EN POSESI\u00d3N DE PARTICULARES. Cervera &hellip; <a href=\"https:\/\/cerveraip.com\/index.php\/aviso-de-privacidad\/\">Sigue leyendo <span class=\"meta-nav\">&rarr;<\/span><\/a><\/p>\n","protected":false},"author":1,"featured_media":0,"parent":0,"menu_order":0,"comment_status":"closed","ping_status":"closed","template":"","meta":[],"_links":{"self":[{"href":"https:\/\/cerveraip.com\/index.php\/wp-json\/wp\/v2\/pages\/86"}],"collection":[{"href":"https:\/\/cerveraip.com\/index.php\/wp-json\/wp\/v2\/pages"}],"about":[{"href":"https:\/\/cerveraip.com\/index.php\/wp-json\/wp\/v2\/types\/page"}],"author":[{"embeddable":true,"href":"https:\/\/cerveraip.com\/index.php\/wp-json\/wp\/v2\/users\/1"}],"replies":[{"embeddable":true,"href":"https:\/\/cerveraip.com\/index.php\/wp-json\/wp\/v2\/comments?post=86"}],"version-history":[{"count":7,"href":"https:\/\/cerveraip.com\/index.php\/wp-json\/wp\/v2\/pages\/86\/revisions"}],"predecessor-version":[{"id":303,"href":"https:\/\/cerveraip.com\/index.php\/wp-json\/wp\/v2\/pages\/86\/revisions\/303"}],"wp:attachment":[{"href":"https:\/\/cerveraip.com\/index.php\/wp-json\/wp\/v2\/media?parent=86"}],"curies":[{"name":"wp","href":"https:\/\/api.w.org\/{rel}","templated":true}]}}