{"id":84,"date":"2017-02-20T20:26:08","date_gmt":"2017-02-20T20:26:08","guid":{"rendered":"http:\/\/cerveraip.com\/?page_id=84"},"modified":"2017-03-02T18:47:19","modified_gmt":"2017-03-02T18:47:19","slug":"proteccion-contra-la-pirateria","status":"publish","type":"page","link":"https:\/\/cerveraip.com\/index.php\/proteccion-contra-la-pirateria\/","title":{"rendered":"Protecci\u00f3n contra La &#8220;Pirater\u00eda&#8221;"},"content":{"rendered":"<p>Que hacer si alguien &#8220;pirate\u00f3&#8221;tus derechos<\/p>\n<p>Con el tiempo, los derechos de propiedad intelectual van adquiriendo prestigio o reconocimiento ante los consumidores, si no te proteges debidamente, dejas la oportunidad para que alguien m\u00e1s lo haga o que tus creaciones sean imitadas por terceros no autorizados.<\/p>\n<p>Lo m\u00e1s importante es protegerte debidamente, ver la posibilidad de obtener un registro y con base en diversos elementos, solicitar ante la autoridad competente la presunta infracci\u00f3n o violaci\u00f3n a tus derechos.<\/p>\n<p>Adem\u00e1s de lo anterior es importante que si pones en el comercio alg\u00fan art\u00edculo que est\u00e9 protegido por una marca ya registrada o una patente concedida, est\u00e1s en riesgo de cometer una infracci\u00f3n o violaci\u00f3n a los derechos de terceros.<\/p>\n<p>Nosotros te apoyamos para encontrar la mejor estrategia. Recuerda que es responsabilidad del titular del derecho de Propiedad Intelectual, protegerse en contra del mal uso que hagan los terceros.<\/p>\n","protected":false},"excerpt":{"rendered":"<p>Que hacer si alguien &#8220;pirate\u00f3&#8221;tus derechos Con el tiempo, los derechos de propiedad intelectual van adquiriendo prestigio o reconocimiento ante los consumidores, si no te proteges debidamente, dejas la oportunidad para que alguien m\u00e1s lo haga o que tus creaciones &hellip; <a href=\"https:\/\/cerveraip.com\/index.php\/proteccion-contra-la-pirateria\/\">Sigue leyendo <span class=\"meta-nav\">&rarr;<\/span><\/a><\/p>\n","protected":false},"author":1,"featured_media":0,"parent":0,"menu_order":0,"comment_status":"closed","ping_status":"closed","template":"","meta":[],"_links":{"self":[{"href":"https:\/\/cerveraip.com\/index.php\/wp-json\/wp\/v2\/pages\/84"}],"collection":[{"href":"https:\/\/cerveraip.com\/index.php\/wp-json\/wp\/v2\/pages"}],"about":[{"href":"https:\/\/cerveraip.com\/index.php\/wp-json\/wp\/v2\/types\/page"}],"author":[{"embeddable":true,"href":"https:\/\/cerveraip.com\/index.php\/wp-json\/wp\/v2\/users\/1"}],"replies":[{"embeddable":true,"href":"https:\/\/cerveraip.com\/index.php\/wp-json\/wp\/v2\/comments?post=84"}],"version-history":[{"count":4,"href":"https:\/\/cerveraip.com\/index.php\/wp-json\/wp\/v2\/pages\/84\/revisions"}],"predecessor-version":[{"id":295,"href":"https:\/\/cerveraip.com\/index.php\/wp-json\/wp\/v2\/pages\/84\/revisions\/295"}],"wp:attachment":[{"href":"https:\/\/cerveraip.com\/index.php\/wp-json\/wp\/v2\/media?parent=84"}],"curies":[{"name":"wp","href":"https:\/\/api.w.org\/{rel}","templated":true}]}}