{"id":80,"date":"2017-02-20T20:21:18","date_gmt":"2017-02-20T20:21:18","guid":{"rendered":"http:\/\/cerveraip.com\/?page_id=80"},"modified":"2017-03-02T18:45:56","modified_gmt":"2017-03-02T18:45:56","slug":"nombre-comercial","status":"publish","type":"page","link":"https:\/\/cerveraip.com\/index.php\/nombre-comercial\/","title":{"rendered":"Nombre Comercial"},"content":{"rendered":"<p>Se considera el r\u00f3tulo o nombre del negocio o empresa, diverso a la Raz\u00f3n social o Denominaci\u00f3n.<\/p>\n","protected":false},"excerpt":{"rendered":"<p>Se considera el r\u00f3tulo o nombre del negocio o empresa, diverso a la Raz\u00f3n social o Denominaci\u00f3n.<\/p>\n","protected":false},"author":1,"featured_media":0,"parent":0,"menu_order":0,"comment_status":"closed","ping_status":"closed","template":"","meta":[],"_links":{"self":[{"href":"https:\/\/cerveraip.com\/index.php\/wp-json\/wp\/v2\/pages\/80"}],"collection":[{"href":"https:\/\/cerveraip.com\/index.php\/wp-json\/wp\/v2\/pages"}],"about":[{"href":"https:\/\/cerveraip.com\/index.php\/wp-json\/wp\/v2\/types\/page"}],"author":[{"embeddable":true,"href":"https:\/\/cerveraip.com\/index.php\/wp-json\/wp\/v2\/users\/1"}],"replies":[{"embeddable":true,"href":"https:\/\/cerveraip.com\/index.php\/wp-json\/wp\/v2\/comments?post=80"}],"version-history":[{"count":3,"href":"https:\/\/cerveraip.com\/index.php\/wp-json\/wp\/v2\/pages\/80\/revisions"}],"predecessor-version":[{"id":292,"href":"https:\/\/cerveraip.com\/index.php\/wp-json\/wp\/v2\/pages\/80\/revisions\/292"}],"wp:attachment":[{"href":"https:\/\/cerveraip.com\/index.php\/wp-json\/wp\/v2\/media?parent=80"}],"curies":[{"name":"wp","href":"https:\/\/api.w.org\/{rel}","templated":true}]}}