{"id":78,"date":"2017-02-20T20:19:40","date_gmt":"2017-02-20T20:19:40","guid":{"rendered":"http:\/\/cerveraip.com\/?page_id=78"},"modified":"2017-03-02T18:45:46","modified_gmt":"2017-03-02T18:45:46","slug":"modelo-de-utilidad","status":"publish","type":"page","link":"https:\/\/cerveraip.com\/index.php\/modelo-de-utilidad\/","title":{"rendered":"Modelo de Utilidad"},"content":{"rendered":"<p>Se consideran modelos de utilidad los objetos, utensilios, aparatos o herramientas que como resultado de una modificaci\u00f3n en su disposici\u00f3n, configuraci\u00f3n, estructura o forma, presenten una funci\u00f3n diferente respecto de las partes que lo integran o ventajas en cuanto a su utilidad.<\/p>\n","protected":false},"excerpt":{"rendered":"<p>Se consideran modelos de utilidad los objetos, utensilios, aparatos o herramientas que como resultado de una modificaci\u00f3n en su disposici\u00f3n, configuraci\u00f3n, estructura o forma, presenten una funci\u00f3n diferente respecto de las partes que lo integran o ventajas en cuanto a &hellip; <a href=\"https:\/\/cerveraip.com\/index.php\/modelo-de-utilidad\/\">Sigue leyendo <span class=\"meta-nav\">&rarr;<\/span><\/a><\/p>\n","protected":false},"author":1,"featured_media":0,"parent":0,"menu_order":0,"comment_status":"closed","ping_status":"closed","template":"","meta":[],"_links":{"self":[{"href":"https:\/\/cerveraip.com\/index.php\/wp-json\/wp\/v2\/pages\/78"}],"collection":[{"href":"https:\/\/cerveraip.com\/index.php\/wp-json\/wp\/v2\/pages"}],"about":[{"href":"https:\/\/cerveraip.com\/index.php\/wp-json\/wp\/v2\/types\/page"}],"author":[{"embeddable":true,"href":"https:\/\/cerveraip.com\/index.php\/wp-json\/wp\/v2\/users\/1"}],"replies":[{"embeddable":true,"href":"https:\/\/cerveraip.com\/index.php\/wp-json\/wp\/v2\/comments?post=78"}],"version-history":[{"count":3,"href":"https:\/\/cerveraip.com\/index.php\/wp-json\/wp\/v2\/pages\/78\/revisions"}],"predecessor-version":[{"id":293,"href":"https:\/\/cerveraip.com\/index.php\/wp-json\/wp\/v2\/pages\/78\/revisions\/293"}],"wp:attachment":[{"href":"https:\/\/cerveraip.com\/index.php\/wp-json\/wp\/v2\/media?parent=78"}],"curies":[{"name":"wp","href":"https:\/\/api.w.org\/{rel}","templated":true}]}}