{"id":76,"date":"2017-02-20T19:40:33","date_gmt":"2017-02-20T19:40:33","guid":{"rendered":"http:\/\/cerveraip.com\/?page_id=76"},"modified":"2017-03-02T18:46:03","modified_gmt":"2017-03-02T18:46:03","slug":"marca","status":"publish","type":"page","link":"https:\/\/cerveraip.com\/index.php\/marca\/","title":{"rendered":"Marca"},"content":{"rendered":"<p>Es todo signo visible que sea capaz de identificar productos y \/ o servicios, de los de su misma especie en el mercado.<\/p>\n<p>Esto, es la marca est\u00e1 constituida por palabras, dise\u00f1os (logos\/logotipos) o la combinaci\u00f3n de ambos, que identifiquen productos y\/o servicios.<\/p>\n<p>El registro se obtiene por clase espec\u00edfica de productos o servicios, seg\u00fan la Clasificaci\u00f3n Oficial.<\/p>\n","protected":false},"excerpt":{"rendered":"<p>Es todo signo visible que sea capaz de identificar productos y \/ o servicios, de los de su misma especie en el mercado. Esto, es la marca est\u00e1 constituida por palabras, dise\u00f1os (logos\/logotipos) o la combinaci\u00f3n de ambos, que identifiquen &hellip; <a href=\"https:\/\/cerveraip.com\/index.php\/marca\/\">Sigue leyendo <span class=\"meta-nav\">&rarr;<\/span><\/a><\/p>\n","protected":false},"author":1,"featured_media":0,"parent":0,"menu_order":0,"comment_status":"closed","ping_status":"closed","template":"","meta":[],"_links":{"self":[{"href":"https:\/\/cerveraip.com\/index.php\/wp-json\/wp\/v2\/pages\/76"}],"collection":[{"href":"https:\/\/cerveraip.com\/index.php\/wp-json\/wp\/v2\/pages"}],"about":[{"href":"https:\/\/cerveraip.com\/index.php\/wp-json\/wp\/v2\/types\/page"}],"author":[{"embeddable":true,"href":"https:\/\/cerveraip.com\/index.php\/wp-json\/wp\/v2\/users\/1"}],"replies":[{"embeddable":true,"href":"https:\/\/cerveraip.com\/index.php\/wp-json\/wp\/v2\/comments?post=76"}],"version-history":[{"count":3,"href":"https:\/\/cerveraip.com\/index.php\/wp-json\/wp\/v2\/pages\/76\/revisions"}],"predecessor-version":[{"id":294,"href":"https:\/\/cerveraip.com\/index.php\/wp-json\/wp\/v2\/pages\/76\/revisions\/294"}],"wp:attachment":[{"href":"https:\/\/cerveraip.com\/index.php\/wp-json\/wp\/v2\/media?parent=76"}],"curies":[{"name":"wp","href":"https:\/\/api.w.org\/{rel}","templated":true}]}}