{"id":66,"date":"2017-02-20T19:29:16","date_gmt":"2017-02-20T19:29:16","guid":{"rendered":"http:\/\/cerveraip.com\/?page_id=66"},"modified":"2017-02-22T01:21:53","modified_gmt":"2017-02-22T01:21:53","slug":"diseno-industrial","status":"publish","type":"page","link":"https:\/\/cerveraip.com\/index.php\/diseno-industrial\/","title":{"rendered":"Dise\u00f1o Industrial"},"content":{"rendered":"<p>&nbsp;<\/p>\n<p>Pueden ser de 2 formas:<\/p>\n<p>a) Dibujos Industriales.- Toda combinaci\u00f3n de figuras l\u00edneas o colores que se incorporen a un producto industrial con fines de ornamentaci\u00f3n y que le den un aspecto peculiar y propio.<\/p>\n<p>b) Modelos Industriales, constituidos por toda forma tridimensional que sirva de tipo o patr\u00f3n para la fabricaci\u00f3n de un producto industrial, que le d\u00e9 apariencia especial en cuanto no implique efectos t\u00e9cnicos.<\/p>\n","protected":false},"excerpt":{"rendered":"<p>&nbsp; Pueden ser de 2 formas: a) Dibujos Industriales.- Toda combinaci\u00f3n de figuras l\u00edneas o colores que se incorporen a un producto industrial con fines de ornamentaci\u00f3n y que le den un aspecto peculiar y propio. b) Modelos Industriales, constituidos &hellip; <a href=\"https:\/\/cerveraip.com\/index.php\/diseno-industrial\/\">Sigue leyendo <span class=\"meta-nav\">&rarr;<\/span><\/a><\/p>\n","protected":false},"author":1,"featured_media":0,"parent":0,"menu_order":0,"comment_status":"closed","ping_status":"closed","template":"","meta":[],"_links":{"self":[{"href":"https:\/\/cerveraip.com\/index.php\/wp-json\/wp\/v2\/pages\/66"}],"collection":[{"href":"https:\/\/cerveraip.com\/index.php\/wp-json\/wp\/v2\/pages"}],"about":[{"href":"https:\/\/cerveraip.com\/index.php\/wp-json\/wp\/v2\/types\/page"}],"author":[{"embeddable":true,"href":"https:\/\/cerveraip.com\/index.php\/wp-json\/wp\/v2\/users\/1"}],"replies":[{"embeddable":true,"href":"https:\/\/cerveraip.com\/index.php\/wp-json\/wp\/v2\/comments?post=66"}],"version-history":[{"count":2,"href":"https:\/\/cerveraip.com\/index.php\/wp-json\/wp\/v2\/pages\/66\/revisions"}],"predecessor-version":[{"id":233,"href":"https:\/\/cerveraip.com\/index.php\/wp-json\/wp\/v2\/pages\/66\/revisions\/233"}],"wp:attachment":[{"href":"https:\/\/cerveraip.com\/index.php\/wp-json\/wp\/v2\/media?parent=66"}],"curies":[{"name":"wp","href":"https:\/\/api.w.org\/{rel}","templated":true}]}}