{"id":61,"date":"2017-02-20T19:26:52","date_gmt":"2017-02-20T19:26:52","guid":{"rendered":"http:\/\/cerveraip.com\/?page_id=61"},"modified":"2017-02-22T01:21:53","modified_gmt":"2017-02-22T01:21:53","slug":"derechos-de-autor","status":"publish","type":"page","link":"https:\/\/cerveraip.com\/index.php\/derechos-de-autor\/","title":{"rendered":"Derechos de Autor"},"content":{"rendered":"<p>&nbsp;<\/p>\n<p>Es el reconocimiento que se le otorga a una persona f\u00edsica por la obra que haya realizado (literaria, pl\u00e1stica, dibujo y pintura, arquitect\u00f3nica..etc)<\/p>\n","protected":false},"excerpt":{"rendered":"<p>&nbsp; Es el reconocimiento que se le otorga a una persona f\u00edsica por la obra que haya realizado (literaria, pl\u00e1stica, dibujo y pintura, arquitect\u00f3nica..etc)<\/p>\n","protected":false},"author":1,"featured_media":0,"parent":0,"menu_order":0,"comment_status":"closed","ping_status":"closed","template":"","meta":[],"_links":{"self":[{"href":"https:\/\/cerveraip.com\/index.php\/wp-json\/wp\/v2\/pages\/61"}],"collection":[{"href":"https:\/\/cerveraip.com\/index.php\/wp-json\/wp\/v2\/pages"}],"about":[{"href":"https:\/\/cerveraip.com\/index.php\/wp-json\/wp\/v2\/types\/page"}],"author":[{"embeddable":true,"href":"https:\/\/cerveraip.com\/index.php\/wp-json\/wp\/v2\/users\/1"}],"replies":[{"embeddable":true,"href":"https:\/\/cerveraip.com\/index.php\/wp-json\/wp\/v2\/comments?post=61"}],"version-history":[{"count":2,"href":"https:\/\/cerveraip.com\/index.php\/wp-json\/wp\/v2\/pages\/61\/revisions"}],"predecessor-version":[{"id":231,"href":"https:\/\/cerveraip.com\/index.php\/wp-json\/wp\/v2\/pages\/61\/revisions\/231"}],"wp:attachment":[{"href":"https:\/\/cerveraip.com\/index.php\/wp-json\/wp\/v2\/media?parent=61"}],"curies":[{"name":"wp","href":"https:\/\/api.w.org\/{rel}","templated":true}]}}