{"id":52,"date":"2017-02-20T19:15:16","date_gmt":"2017-02-20T19:15:16","guid":{"rendered":"http:\/\/cerveraip.com\/?page_id=52"},"modified":"2017-03-02T18:48:35","modified_gmt":"2017-03-02T18:48:35","slug":"servicio-de-implementacion-de-su-aviso-de-privacidad","status":"publish","type":"page","link":"https:\/\/cerveraip.com\/index.php\/servicio-de-implementacion-de-su-aviso-de-privacidad\/","title":{"rendered":"Servicio de Implementaci\u00f3n de su Aviso de Privacidad"},"content":{"rendered":"<p>Ponemos a su disposici\u00f3n Nuestro Nuevo Servicio de implementaci\u00f3n del Aviso de Privacidad en Cumplimiento a la Ley Federal de Protecci\u00f3n de Datos Personales en Posesi\u00f3n de Particulares.<\/p>\n<p>Le ayudamos a generar su Aviso de Confidencialidad, y llevar los mecanismos internos necesarios para su implementaci\u00f3n, de conformidad por lo establecido en la Ley Federal de Datos Personales en Posesi\u00f3n de Particulares.<\/p>\n","protected":false},"excerpt":{"rendered":"<p>Ponemos a su disposici\u00f3n Nuestro Nuevo Servicio de implementaci\u00f3n del Aviso de Privacidad en Cumplimiento a la Ley Federal de Protecci\u00f3n de Datos Personales en Posesi\u00f3n de Particulares. Le ayudamos a generar su Aviso de Confidencialidad, y llevar los mecanismos &hellip; <a href=\"https:\/\/cerveraip.com\/index.php\/servicio-de-implementacion-de-su-aviso-de-privacidad\/\">Sigue leyendo <span class=\"meta-nav\">&rarr;<\/span><\/a><\/p>\n","protected":false},"author":1,"featured_media":0,"parent":0,"menu_order":0,"comment_status":"closed","ping_status":"closed","template":"","meta":[],"_links":{"self":[{"href":"https:\/\/cerveraip.com\/index.php\/wp-json\/wp\/v2\/pages\/52"}],"collection":[{"href":"https:\/\/cerveraip.com\/index.php\/wp-json\/wp\/v2\/pages"}],"about":[{"href":"https:\/\/cerveraip.com\/index.php\/wp-json\/wp\/v2\/types\/page"}],"author":[{"embeddable":true,"href":"https:\/\/cerveraip.com\/index.php\/wp-json\/wp\/v2\/users\/1"}],"replies":[{"embeddable":true,"href":"https:\/\/cerveraip.com\/index.php\/wp-json\/wp\/v2\/comments?post=52"}],"version-history":[{"count":3,"href":"https:\/\/cerveraip.com\/index.php\/wp-json\/wp\/v2\/pages\/52\/revisions"}],"predecessor-version":[{"id":300,"href":"https:\/\/cerveraip.com\/index.php\/wp-json\/wp\/v2\/pages\/52\/revisions\/300"}],"wp:attachment":[{"href":"https:\/\/cerveraip.com\/index.php\/wp-json\/wp\/v2\/media?parent=52"}],"curies":[{"name":"wp","href":"https:\/\/api.w.org\/{rel}","templated":true}]}}