{"id":45,"date":"2017-02-20T18:59:23","date_gmt":"2017-02-20T18:59:23","guid":{"rendered":"http:\/\/cerveraip.com\/?page_id=45"},"modified":"2017-02-22T01:21:53","modified_gmt":"2017-02-22T01:21:53","slug":"asesoria-y-consultoria","status":"publish","type":"page","link":"https:\/\/cerveraip.com\/index.php\/asesoria-y-consultoria\/","title":{"rendered":"Asesor\u00eda y Consultor\u00eda"},"content":{"rendered":"<p>Asesor\u00eda y Consultor\u00eda en todo lo relacionado con Propiedad Industrial<\/p>\n<p>1. B\u00fasquedas de antecedentes, para conocer si un derecho ya se encuentra registrado o cual es el estado de la t\u00e9cnica.<br \/>\n2. -Asesor\u00eda sobre la registrabilidad de un derecho.<br \/>\n3. Presentaci\u00f3n y seguimiento de solicitudes, reportes de ex\u00e1menes de forma, novedad y anterioridades.<br \/>\n4. Preparaci\u00f3n de documentos de patente.<br \/>\n5. B\u00fasquedas t\u00e9cnicas y del estado de la t\u00e9cnica de patentes<br \/>\n6. Seguimiento ante IMPI, INDAUTOR, Tribunal Federal de Justicia Fiscal y Administrativa, Tribunales Federales y Juzgados de Distrito.<br \/>\n7. Litigio administrativo ante las propias autoridades y ante Tribunales Federales.<br \/>\n8. Investigaciones de uso (de marcas, patentes y derechos de autor).<br \/>\n9. Asesor\u00eda en licencias y transmisiones de derechos.<br \/>\n10. Preparaci\u00f3n y asesor\u00eda para iniciar una franquicia.<br \/>\n11. Redacci\u00f3n y preparaci\u00f3n Contratos y negociaciones con 3os.<br \/>\n12. Demandas por uso no autorizado de derechos protegidos (contra pirater\u00eda \u00f3 infractores).<\/p>\n","protected":false},"excerpt":{"rendered":"<p>Asesor\u00eda y Consultor\u00eda en todo lo relacionado con Propiedad Industrial 1. B\u00fasquedas de antecedentes, para conocer si un derecho ya se encuentra registrado o cual es el estado de la t\u00e9cnica. 2. -Asesor\u00eda sobre la registrabilidad de un derecho. 3. &hellip; <a href=\"https:\/\/cerveraip.com\/index.php\/asesoria-y-consultoria\/\">Sigue leyendo <span class=\"meta-nav\">&rarr;<\/span><\/a><\/p>\n","protected":false},"author":1,"featured_media":0,"parent":0,"menu_order":0,"comment_status":"closed","ping_status":"closed","template":"","meta":[],"_links":{"self":[{"href":"https:\/\/cerveraip.com\/index.php\/wp-json\/wp\/v2\/pages\/45"}],"collection":[{"href":"https:\/\/cerveraip.com\/index.php\/wp-json\/wp\/v2\/pages"}],"about":[{"href":"https:\/\/cerveraip.com\/index.php\/wp-json\/wp\/v2\/types\/page"}],"author":[{"embeddable":true,"href":"https:\/\/cerveraip.com\/index.php\/wp-json\/wp\/v2\/users\/1"}],"replies":[{"embeddable":true,"href":"https:\/\/cerveraip.com\/index.php\/wp-json\/wp\/v2\/comments?post=45"}],"version-history":[{"count":3,"href":"https:\/\/cerveraip.com\/index.php\/wp-json\/wp\/v2\/pages\/45\/revisions"}],"predecessor-version":[{"id":309,"href":"https:\/\/cerveraip.com\/index.php\/wp-json\/wp\/v2\/pages\/45\/revisions\/309"}],"wp:attachment":[{"href":"https:\/\/cerveraip.com\/index.php\/wp-json\/wp\/v2\/media?parent=45"}],"curies":[{"name":"wp","href":"https:\/\/api.w.org\/{rel}","templated":true}]}}