{"id":43,"date":"2017-02-20T18:55:29","date_gmt":"2017-02-20T18:55:29","guid":{"rendered":"http:\/\/cerveraip.com\/?page_id=43"},"modified":"2017-03-02T19:04:13","modified_gmt":"2017-03-02T19:04:13","slug":"acerca-de","status":"publish","type":"page","link":"https:\/\/cerveraip.com\/index.php\/acerca-de\/","title":{"rendered":"Acerca de"},"content":{"rendered":"<p>Cervera IP, es un despacho de abogados, especialistas en la materia de Propiedad Intelectual, tenemos m\u00e1s de 15 a\u00f1os de experiencia en el \u00c1rea, buscando proteger de manera integral los derechos de Propiedad Intelectual de nuestros clientes, por lo que nos comprometemos en recomendar la mejor alternativa de protecci\u00f3n, en M\u00e9xico y en el extranjero.<\/p>\n<p>Ofrecemos un servicio profesional, \u00c9tico, personal y directo, en donde podr\u00e1 estar seguro de que los asuntos que nos conf\u00ed\u00ade son tratados con todas las medidas necesarias para conservar y preservar su confidencialidad.<\/p>\n<p>Nos mantenemos a la vanguardia en la Materia buscando siempre la mejor capacitaci\u00f3n y actualizaci\u00f3n que en la materia se imparta.<\/p>\n","protected":false},"excerpt":{"rendered":"<p>Cervera IP, es un despacho de abogados, especialistas en la materia de Propiedad Intelectual, tenemos m\u00e1s de 15 a\u00f1os de experiencia en el \u00c1rea, buscando proteger de manera integral los derechos de Propiedad Intelectual de nuestros clientes, por lo que &hellip; <a href=\"https:\/\/cerveraip.com\/index.php\/acerca-de\/\">Sigue leyendo <span class=\"meta-nav\">&rarr;<\/span><\/a><\/p>\n","protected":false},"author":1,"featured_media":0,"parent":0,"menu_order":0,"comment_status":"closed","ping_status":"closed","template":"","meta":[],"_links":{"self":[{"href":"https:\/\/cerveraip.com\/index.php\/wp-json\/wp\/v2\/pages\/43"}],"collection":[{"href":"https:\/\/cerveraip.com\/index.php\/wp-json\/wp\/v2\/pages"}],"about":[{"href":"https:\/\/cerveraip.com\/index.php\/wp-json\/wp\/v2\/types\/page"}],"author":[{"embeddable":true,"href":"https:\/\/cerveraip.com\/index.php\/wp-json\/wp\/v2\/users\/1"}],"replies":[{"embeddable":true,"href":"https:\/\/cerveraip.com\/index.php\/wp-json\/wp\/v2\/comments?post=43"}],"version-history":[{"count":7,"href":"https:\/\/cerveraip.com\/index.php\/wp-json\/wp\/v2\/pages\/43\/revisions"}],"predecessor-version":[{"id":304,"href":"https:\/\/cerveraip.com\/index.php\/wp-json\/wp\/v2\/pages\/43\/revisions\/304"}],"wp:attachment":[{"href":"https:\/\/cerveraip.com\/index.php\/wp-json\/wp\/v2\/media?parent=43"}],"curies":[{"name":"wp","href":"https:\/\/api.w.org\/{rel}","templated":true}]}}