{"id":2,"date":"2017-02-18T20:03:41","date_gmt":"2017-02-18T20:03:41","guid":{"rendered":"http:\/\/cerveraip.com\/?page_id=2"},"modified":"2017-03-02T19:16:27","modified_gmt":"2017-03-02T19:16:27","slug":"abril_mes_de_la_propiedad_intelectual","status":"publish","type":"page","link":"https:\/\/cerveraip.com\/index.php\/abril_mes_de_la_propiedad_intelectual\/","title":{"rendered":"Abril mes de la Propiedad Intelectual"},"content":{"rendered":"<p>El mes de abril tiene dos celebraciones importantes en materia de propiedad intelectual, el d\u00eda 23 ha sido fijado por la UNESCO, desde hace 17 a\u00f1os como el d\u00ed\u00ada internacional del libro y\u00a0 del Derecho de Autor, claro est\u00e1\u00a1 que si existen libros por consiguiente hay que reconocer a sus autores.<\/p>\n<p>As\u00ed mismo, el d\u00eda 26 es el d\u00eda de la Propiedad Intelectual, establecido por los pa\u00ed\u00adses miembros de la Organizaci\u00f3n Mundial de la Propiedad Intelectual, desde 1970, cada a\u00f1o, se hace en comemoraci\u00f3n a temas actuales que en el mundo toman auge sobre la propiedad intelectual, por ejemplo este a\u00f1o se festeja con el tema: &#8220;La creatividad de la nueva generaci\u00f3n&#8221;, con preguntas c\u00f3mo: \u00bfComo nos enfretaremos al futuro?.<\/p>\n<p>Algo es cierto, mientras el ser humana siga creando, la Propiedad Intelectual, seguir\u00e1\u00a1 existiendo, por lo tanto nuestra felicitaci\u00f3n va m\u00e1s all\u00e1\u00a1, y se extiende a todos los seres humanos que tienen la visi\u00f3n de proporcionarnos un mundo mejor.!<\/p>\n<p>FELIZ DIA PROPIEDAD INTELECTUAL<\/p>\n<p>&nbsp;<\/p>\n<p>&nbsp;<\/p>\n","protected":false},"excerpt":{"rendered":"<p>El mes de abril tiene dos celebraciones importantes en materia de propiedad intelectual, el d\u00eda 23 ha sido fijado por la UNESCO, desde hace 17 a\u00f1os como el d\u00ed\u00ada internacional del libro y\u00a0 del Derecho de Autor, claro est\u00e1\u00a1 que &hellip; <a href=\"https:\/\/cerveraip.com\/index.php\/abril_mes_de_la_propiedad_intelectual\/\">Sigue leyendo <span class=\"meta-nav\">&rarr;<\/span><\/a><\/p>\n","protected":false},"author":1,"featured_media":0,"parent":0,"menu_order":0,"comment_status":"closed","ping_status":"open","template":"","meta":[],"_links":{"self":[{"href":"https:\/\/cerveraip.com\/index.php\/wp-json\/wp\/v2\/pages\/2"}],"collection":[{"href":"https:\/\/cerveraip.com\/index.php\/wp-json\/wp\/v2\/pages"}],"about":[{"href":"https:\/\/cerveraip.com\/index.php\/wp-json\/wp\/v2\/types\/page"}],"author":[{"embeddable":true,"href":"https:\/\/cerveraip.com\/index.php\/wp-json\/wp\/v2\/users\/1"}],"replies":[{"embeddable":true,"href":"https:\/\/cerveraip.com\/index.php\/wp-json\/wp\/v2\/comments?post=2"}],"version-history":[{"count":16,"href":"https:\/\/cerveraip.com\/index.php\/wp-json\/wp\/v2\/pages\/2\/revisions"}],"predecessor-version":[{"id":312,"href":"https:\/\/cerveraip.com\/index.php\/wp-json\/wp\/v2\/pages\/2\/revisions\/312"}],"wp:attachment":[{"href":"https:\/\/cerveraip.com\/index.php\/wp-json\/wp\/v2\/media?parent=2"}],"curies":[{"name":"wp","href":"https:\/\/api.w.org\/{rel}","templated":true}]}}